{"id":87,"date":"2024-02-04T21:00:58","date_gmt":"2024-02-04T20:00:58","guid":{"rendered":"https:\/\/test.abelnlaw.nl\/?page_id=87"},"modified":"2024-06-16T21:38:18","modified_gmt":"2024-06-16T19:38:18","slug":"privacyverklaring","status":"publish","type":"page","link":"https:\/\/abelnlaw.nl\/en\/privacyverklaring\/","title":{"rendered":"Privacy"},"content":{"rendered":"\n[et_pb_section fb_built=&#8221;1&#8243; _builder_version=&#8221;4.23.2&#8243; _module_preset=&#8221;default&#8221; custom_padding=&#8221;0px||6px||false|false&#8221; hover_enabled=&#8221;0&#8243; global_colors_info=&#8221;{}&#8221; sticky_enabled=&#8221;0&#8243;][et_pb_row _builder_version=&#8221;4.23.2&#8243; _module_preset=&#8221;default&#8221; width=&#8221;100%&#8221; max_width=&#8221;2560px&#8221; custom_padding=&#8221;0px||12px|44px|false|false&#8221; hover_enabled=&#8221;0&#8243; global_colors_info=&#8221;{}&#8221; background_color=&#8221;#F7F2EE&#8221; sticky_enabled=&#8221;0&#8243;][et_pb_column type=&#8221;4_4&#8243; _builder_version=&#8221;4.23.2&#8243; _module_preset=&#8221;default&#8221; global_colors_info=&#8221;{}&#8221;][et_pb_text _builder_version=&#8221;4.23.2&#8243; _module_preset=&#8221;4987073c-4266-4c1b-90cc-b72645658844&#8243; width=&#8221;75%&#8221; module_alignment=&#8221;center&#8221; custom_padding=&#8221;50px||22px||false|false&#8221; hover_enabled=&#8221;0&#8243; global_colors_info=&#8221;{}&#8221; sticky_enabled=&#8221;0&#8243;]<p><strong><\/strong><\/p>\n<h1><strong>Privacyverklaring<\/strong><\/h1>\n<p>In het kader van onze juridische dienstverlening verwerken wij uw persoonsgegevens. Wij hechten veel belang aan uw privacy. Deze privacyverklaring hebben wij opgesteld om u te informeren over hoe wij met uw persoonsgegevens omgaan.<\/p>\n<p><strong>1. Contactgegevens<br \/><\/strong>Abeln is verantwoordelijk voor de verwerking van persoonsgegevens zoals weergegeven in deze privacyverklaring.<\/p>\n<p>Contactgegevens:<br \/>Abeln<br \/>Mr G.G. Abeln LL.M<br \/>Hoogstraat 123-M<br \/>3011 PL Rotterdam<br \/>Tel: +31 (0)10-4125744<\/p>\n<p><strong>2. Welke Persoonsgegevens worden verwerkt<br \/><\/strong>Abeln verwerkt onder andere achternaam, voornaam, voorletters, postadres, telefoon, e-mailadres, bedrijfsnaam, titulatuur, geboortedatum \u00a0en overige informatie die noodzakelijk is met het oog op haar dienstverlening of \u00e9\u00e9n van de hieronder genoemde doeleinden.<\/p>\n<p>Abeln verkrijgt uw persoonsgegevens omdat u deze zelf aan haar bekendmaakt, of omdat zij deze in het kader van haar dienstverlening (of \u00e9\u00e9n van onze andere verwerkingsdoelen) van derden verkrijgt, bijvoorbeeld van haar cli\u00ebnten of wederpartijen, of uit openbare bronnen zoals het handelsregister of het kadaster<\/p>\n<p><strong>3.\u00a0<\/strong><strong>Doeleinden van de verwerking<br \/><\/strong>Abeln verwerkt uw persoonsgegevens voor de volgende\u00a0 doeleinden:<br \/>\u2013 Voor de uitvoering van de juridische dienstverlening;<br \/>\u2013 Voor het voeren van een klantenadministratie en debiteurenbeheer;<br \/>\u2013 Voor het versturen van nieuwsbrieven en uitnodigingen voor seminars;<br \/>\u2013 Om te voldoen aan wettelijke verplichtingen;<\/p>\n<p><strong>4. Grondslagen voor de verwerking<br \/><\/strong>Abeln kan uw persoonsgegevens verwerken op grond van de volgende rechtsgrondslagen:<br \/>\u2013 De verwerking is noodzakelijk voor het uitvoeren van de met u gesloten overeenkomst of in de aanloop tot het sluiten van een overeenkomst, bijvoorbeeld voor het uitbrengen van een offerte;<br \/>\u2013 Voldoen aan een wettelijke verplichting;<br \/>\u2013 De behartiging van gerechtvaardigde belangen van Abeln, haar cli\u00ebnten en derden;<br \/>\u2013 Indien uw persoonsgegevens worden verwerkt op grond van toestemming, zal dat afzonderlijk worden gevraagd. U kunt de door u gegeven toestemming te allen tijde intrekken.<\/p>\n<p><strong>5. Verstrekking van gegevens aan derden<br \/><\/strong>Het is soms nodig om uw gegevens met derden te delen. Dat kan in bepaalde omstandigheden nodig zijn bij de behandeling van uw dossier. Er is verder een aantal vertrouwde dienstverleners met wie wij in het kader van onze dienstverlening uw persoonsgegevens kunnen delen, zoals deurwaarders of ICT dienstverleners.<\/p>\n<p>Abeln zal uw gegevens niet verstrekken voor commerci\u00eble of goede doelen.<\/p>\n<p><strong>6. Doorgifte van uw gegevens buiten de EER<br \/><\/strong>Uw persoonsgegevens worden door Abeln niet buiten de EER verwerkt. De EER is de Europese Economische Ruimte, bestaande uit de landen van de Europese Unie, Liechtenstein, Noorwegen en IJsland.<\/p>\n<p><strong>7. Hoe lang wij uw gegevens bewaren<br \/><\/strong>Abeln zal uw persoonsgegevens niet langer verwerken dan noodzakelijk voor de doeleinden die zij in deze privacyverklaring heeft genoemd. Bepaalde gegevens moeten langer bewaard worden, omdat Abeln zich moet houden aan wettelijke bewaarplichten, zoals de fiscale bewaarplicht.<\/p>\n<p><strong>8. Hoe wij uw gegevens beveiligen<br \/><\/strong>Wij vinden het belangrijk dat uw persoonsgegevens zijn beveiligd tegen verlies of onbevoegde toegang van uw persoonsgegevens. Daarom heeft Abeln passende beveiligingsmaatregelen genomen.<span>\u00a0<\/span><strong>\u00a0<\/strong><\/p>\n<p><strong>9. Cookies<br \/><\/strong>Op onze website worden geen cookies gebruikt.<\/p>\n<p><strong>10.\u00a0<\/strong><strong>Uw rechten<br \/><\/strong>U heeft het recht om Abeln een verzoek te doen tot inzage van uw persoonsgegevens. Na ontvangst van uw verzoek ontvangt u binnen 1 maand een overzicht van uw persoonsgegevens. Indien daaruit onjuistheden blijken kunt u verzoeken uw gegevens aan te passen, aan te vullen, te verwijderen of af te schermen.<\/p>\n<p>Ook kunt u Abeln verzoeken om overdracht van uw persoonsgegevens of kunt u bezwaar aantekenen tegen de verwerking van uw persoonsgegevens vanwege bijzondere persoonlijke omstandigheden.<\/p>\n<p>Vragen over deze privacyverklaring of een verzoek over de verwerking van uw persoonsgegevens kunt u sturen naar: info@abelnlaw.nl<\/p>\n<p>Als u een klacht heeft over de verwerking van uw persoonsgegevens, laat dit dan vooral aan ons weten. Mocht u er met ons niet samen uitkomen, dan heeft u het recht om een klacht in te dienen bij de privacy toezichthouder, de Autoriteit Persoonsgegevens. U kunt hiervoor contact opnemen met de Autoriteit Persoonsgegevens.<\/p>\n<p><strong>11. Geautomatiseerde besluitvorming<br \/><\/strong>Abeln maakt geen gebruik van geautomatiseerde individuele besluitvorming en profilering.<\/p>\n<p><strong>12. Wijzigingen privacyverklaring<br \/><\/strong>Deze privacyverklaring is voor het laatst aangepast op 24 mei 2018.<\/p>\n<p>Abeln kan deze privacyverklaring \u00a0aanpassen. Nieuwe versies worden altijd op de website gepubliceerd. Wij raden u daarom aan om deze verklaring geregeld te raadplegen, zodat u op de hoogte blijft van wijzigingen.<\/p>[\/et_pb_text][\/et_pb_column][\/et_pb_row][\/et_pb_section]\n","protected":false},"excerpt":{"rendered":"<p>Privacyverklaring In het kader van onze juridische dienstverlening verwerken wij uw persoonsgegevens. Wij hechten veel belang aan uw privacy. Deze privacyverklaring hebben wij opgesteld om u te informeren over hoe wij met uw persoonsgegevens omgaan. 1. ContactgegevensAbeln is verantwoordelijk voor de verwerking van persoonsgegevens zoals weergegeven in deze privacyverklaring. Contactgegevens:AbelnMr G.G. Abeln LL.MHoogstraat 123-M3011 PL [&hellip;]<\/p>\n","protected":false},"author":1,"featured_media":0,"parent":0,"menu_order":0,"comment_status":"closed","ping_status":"closed","template":"","meta":{"_et_pb_use_builder":"on","_et_pb_old_content":"","_et_gb_content_width":"","inline_featured_image":false,"footnotes":""},"class_list":["post-87","page","type-page","status-publish","hentry"],"yoast_head":"<!-- This site is optimized with the Yoast SEO plugin v27.4 - https:\/\/yoast.com\/product\/yoast-seo-wordpress\/ -->\n<title>Privacyverklaring - Abeln<\/title>\n<meta name=\"robots\" content=\"index, follow, max-snippet:-1, max-image-preview:large, max-video-preview:-1\" \/>\n<link rel=\"canonical\" href=\"https:\/\/www.abelnlaw.nl\/privacyverklaring\/\" \/>\n<meta property=\"og:locale\" content=\"en_GB\" \/>\n<meta property=\"og:type\" content=\"article\" \/>\n<meta property=\"og:title\" content=\"Privacyverklaring - Abeln\" \/>\n<meta property=\"og:description\" content=\"Privacyverklaring In het kader van onze juridische dienstverlening verwerken wij uw persoonsgegevens. Wij hechten veel belang aan uw privacy. Deze privacyverklaring hebben wij opgesteld om u te informeren over hoe wij met uw persoonsgegevens omgaan. 1. ContactgegevensAbeln is verantwoordelijk voor de verwerking van persoonsgegevens zoals weergegeven in deze privacyverklaring. Contactgegevens:AbelnMr G.G. Abeln LL.MHoogstraat 123-M3011 PL [&hellip;]\" \/>\n<meta property=\"og:url\" content=\"https:\/\/www.abelnlaw.nl\/privacyverklaring\/\" \/>\n<meta property=\"og:site_name\" content=\"Abeln\" \/>\n<meta property=\"article:publisher\" content=\"https:\/\/www.facebook.com\/Abelnlaw\" \/>\n<meta property=\"article:modified_time\" content=\"2024-06-16T19:38:18+00:00\" \/>\n<meta name=\"twitter:card\" content=\"summary_large_image\" \/>\n<meta name=\"twitter:label1\" content=\"Estimated reading time\" \/>\n\t<meta name=\"twitter:data1\" content=\"4 minutes\" \/>\n<script type=\"application\/ld+json\" class=\"yoast-schema-graph\">{\"@context\":\"https:\\\/\\\/schema.org\",\"@graph\":[{\"@type\":\"WebPage\",\"@id\":\"https:\\\/\\\/abelnlaw.nl\\\/privacyverklaring\\\/\",\"url\":\"https:\\\/\\\/www.abelnlaw.nl\\\/privacyverklaring\\\/\",\"name\":\"Privacyverklaring - Abeln\",\"isPartOf\":{\"@id\":\"https:\\\/\\\/abelnlaw.nl\\\/#website\"},\"datePublished\":\"2024-02-04T20:00:58+00:00\",\"dateModified\":\"2024-06-16T19:38:18+00:00\",\"breadcrumb\":{\"@id\":\"https:\\\/\\\/www.abelnlaw.nl\\\/privacyverklaring\\\/#breadcrumb\"},\"inLanguage\":\"en-GB\",\"potentialAction\":[{\"@type\":\"ReadAction\",\"target\":[\"https:\\\/\\\/www.abelnlaw.nl\\\/privacyverklaring\\\/\"]}]},{\"@type\":\"BreadcrumbList\",\"@id\":\"https:\\\/\\\/www.abelnlaw.nl\\\/privacyverklaring\\\/#breadcrumb\",\"itemListElement\":[{\"@type\":\"ListItem\",\"position\":1,\"name\":\"Home\",\"item\":\"https:\\\/\\\/abelnlaw.nl\\\/\"},{\"@type\":\"ListItem\",\"position\":2,\"name\":\"Privacyverklaring\"}]},{\"@type\":\"WebSite\",\"@id\":\"https:\\\/\\\/abelnlaw.nl\\\/#website\",\"url\":\"https:\\\/\\\/abelnlaw.nl\\\/\",\"name\":\"Abeln\",\"description\":\"Juridische oplossingen voor ondernemers\",\"publisher\":{\"@id\":\"https:\\\/\\\/abelnlaw.nl\\\/#organization\"},\"potentialAction\":[{\"@type\":\"SearchAction\",\"target\":{\"@type\":\"EntryPoint\",\"urlTemplate\":\"https:\\\/\\\/abelnlaw.nl\\\/?s={search_term_string}\"},\"query-input\":{\"@type\":\"PropertyValueSpecification\",\"valueRequired\":true,\"valueName\":\"search_term_string\"}}],\"inLanguage\":\"en-GB\"},{\"@type\":\"Organization\",\"@id\":\"https:\\\/\\\/abelnlaw.nl\\\/#organization\",\"name\":\"Abeln\",\"url\":\"https:\\\/\\\/abelnlaw.nl\\\/\",\"logo\":{\"@type\":\"ImageObject\",\"inLanguage\":\"en-GB\",\"@id\":\"https:\\\/\\\/abelnlaw.nl\\\/#\\\/schema\\\/logo\\\/image\\\/\",\"url\":\"https:\\\/\\\/abelnlaw.nl\\\/wp-content\\\/uploads\\\/2024\\\/02\\\/SVG-FIle.svg\",\"contentUrl\":\"https:\\\/\\\/abelnlaw.nl\\\/wp-content\\\/uploads\\\/2024\\\/02\\\/SVG-FIle.svg\",\"width\":\"1024\",\"height\":\"1024\",\"caption\":\"Abeln\"},\"image\":{\"@id\":\"https:\\\/\\\/abelnlaw.nl\\\/#\\\/schema\\\/logo\\\/image\\\/\"},\"sameAs\":[\"https:\\\/\\\/www.facebook.com\\\/Abelnlaw\"]}]}<\/script>\n<!-- \/ Yoast SEO plugin. -->","yoast_head_json":{"title":"Privacyverklaring - Abeln","robots":{"index":"index","follow":"follow","max-snippet":"max-snippet:-1","max-image-preview":"max-image-preview:large","max-video-preview":"max-video-preview:-1"},"canonical":"https:\/\/www.abelnlaw.nl\/privacyverklaring\/","og_locale":"en_GB","og_type":"article","og_title":"Privacyverklaring - Abeln","og_description":"Privacyverklaring In het kader van onze juridische dienstverlening verwerken wij uw persoonsgegevens. Wij hechten veel belang aan uw privacy. Deze privacyverklaring hebben wij opgesteld om u te informeren over hoe wij met uw persoonsgegevens omgaan. 1. ContactgegevensAbeln is verantwoordelijk voor de verwerking van persoonsgegevens zoals weergegeven in deze privacyverklaring. Contactgegevens:AbelnMr G.G. Abeln LL.MHoogstraat 123-M3011 PL [&hellip;]","og_url":"https:\/\/www.abelnlaw.nl\/privacyverklaring\/","og_site_name":"Abeln","article_publisher":"https:\/\/www.facebook.com\/Abelnlaw","article_modified_time":"2024-06-16T19:38:18+00:00","twitter_card":"summary_large_image","twitter_misc":{"Estimated reading time":"4 minutes"},"schema":{"@context":"https:\/\/schema.org","@graph":[{"@type":"WebPage","@id":"https:\/\/abelnlaw.nl\/privacyverklaring\/","url":"https:\/\/www.abelnlaw.nl\/privacyverklaring\/","name":"Privacyverklaring - Abeln","isPartOf":{"@id":"https:\/\/abelnlaw.nl\/#website"},"datePublished":"2024-02-04T20:00:58+00:00","dateModified":"2024-06-16T19:38:18+00:00","breadcrumb":{"@id":"https:\/\/www.abelnlaw.nl\/privacyverklaring\/#breadcrumb"},"inLanguage":"en-GB","potentialAction":[{"@type":"ReadAction","target":["https:\/\/www.abelnlaw.nl\/privacyverklaring\/"]}]},{"@type":"BreadcrumbList","@id":"https:\/\/www.abelnlaw.nl\/privacyverklaring\/#breadcrumb","itemListElement":[{"@type":"ListItem","position":1,"name":"Home","item":"https:\/\/abelnlaw.nl\/"},{"@type":"ListItem","position":2,"name":"Privacyverklaring"}]},{"@type":"WebSite","@id":"https:\/\/abelnlaw.nl\/#website","url":"https:\/\/abelnlaw.nl\/","name":"Abeln","description":"Juridische oplossingen voor ondernemers","publisher":{"@id":"https:\/\/abelnlaw.nl\/#organization"},"potentialAction":[{"@type":"SearchAction","target":{"@type":"EntryPoint","urlTemplate":"https:\/\/abelnlaw.nl\/?s={search_term_string}"},"query-input":{"@type":"PropertyValueSpecification","valueRequired":true,"valueName":"search_term_string"}}],"inLanguage":"en-GB"},{"@type":"Organization","@id":"https:\/\/abelnlaw.nl\/#organization","name":"Abeln","url":"https:\/\/abelnlaw.nl\/","logo":{"@type":"ImageObject","inLanguage":"en-GB","@id":"https:\/\/abelnlaw.nl\/#\/schema\/logo\/image\/","url":"https:\/\/abelnlaw.nl\/wp-content\/uploads\/2024\/02\/SVG-FIle.svg","contentUrl":"https:\/\/abelnlaw.nl\/wp-content\/uploads\/2024\/02\/SVG-FIle.svg","width":"1024","height":"1024","caption":"Abeln"},"image":{"@id":"https:\/\/abelnlaw.nl\/#\/schema\/logo\/image\/"},"sameAs":["https:\/\/www.facebook.com\/Abelnlaw"]}]}},"_links":{"self":[{"href":"https:\/\/abelnlaw.nl\/en\/wp-json\/wp\/v2\/pages\/87","targetHints":{"allow":["GET"]}}],"collection":[{"href":"https:\/\/abelnlaw.nl\/en\/wp-json\/wp\/v2\/pages"}],"about":[{"href":"https:\/\/abelnlaw.nl\/en\/wp-json\/wp\/v2\/types\/page"}],"author":[{"embeddable":true,"href":"https:\/\/abelnlaw.nl\/en\/wp-json\/wp\/v2\/users\/1"}],"replies":[{"embeddable":true,"href":"https:\/\/abelnlaw.nl\/en\/wp-json\/wp\/v2\/comments?post=87"}],"version-history":[{"count":7,"href":"https:\/\/abelnlaw.nl\/en\/wp-json\/wp\/v2\/pages\/87\/revisions"}],"predecessor-version":[{"id":423,"href":"https:\/\/abelnlaw.nl\/en\/wp-json\/wp\/v2\/pages\/87\/revisions\/423"}],"wp:attachment":[{"href":"https:\/\/abelnlaw.nl\/en\/wp-json\/wp\/v2\/media?parent=87"}],"curies":[{"name":"wp","href":"https:\/\/api.w.org\/{rel}","templated":true}]}}